{"id":487,"date":"2024-10-18T07:14:16","date_gmt":"2024-10-18T07:14:16","guid":{"rendered":"https:\/\/fotso-brothers.com\/?page_id=487"},"modified":"2024-11-03T20:25:17","modified_gmt":"2024-11-03T20:25:17","slug":"travaux-de-terrassement","status":"publish","type":"page","link":"https:\/\/fotso-brothers.com\/english\/travaux-de-terrassement\/","title":{"rendered":"Earthworks"},"content":{"rendered":"<div data-elementor-type=\"wp-page\" data-elementor-id=\"487\" class=\"elementor elementor-487\" data-elementor-post-type=\"page\">\n\t\t\t\t\t\t<section class=\"elementor-section elementor-top-section elementor-element elementor-element-74dd0d3b elementor-section-boxed elementor-section-height-default elementor-section-height-default\" data-id=\"74dd0d3b\" data-element_type=\"section\" data-settings=\"{&quot;background_background&quot;:&quot;classic&quot;}\">\n\t\t\t\t\t\t<div class=\"elementor-container elementor-column-gap-default\">\n\t\t\t\t\t<div class=\"elementor-column elementor-col-50 elementor-top-column elementor-element elementor-element-76770900\" data-id=\"76770900\" data-element_type=\"column\">\n\t\t\t<div class=\"elementor-widget-wrap elementor-element-populated\">\n\t\t\t\t\t\t<div class=\"elementor-element elementor-element-79ed372 elementor-widget elementor-widget-heading\" data-id=\"79ed372\" data-element_type=\"widget\" data-widget_type=\"heading.default\">\n\t\t\t\t<div class=\"elementor-widget-container\">\n\t\t\t\t\t<h2 class=\"elementor-heading-title elementor-size-default\">Earthworks<\/h2>\t\t\t\t<\/div>\n\t\t\t\t<\/div>\n\t\t\t\t\t<\/div>\n\t\t<\/div>\n\t\t\t\t<div class=\"elementor-column elementor-col-50 elementor-top-column elementor-element elementor-element-3e30ae33\" data-id=\"3e30ae33\" data-element_type=\"column\">\n\t\t\t<div class=\"elementor-widget-wrap elementor-element-populated\">\n\t\t\t\t\t\t<div class=\"elementor-element elementor-element-e7a1c21 elementor-widget elementor-widget-text-editor\" data-id=\"e7a1c21\" data-element_type=\"widget\" data-widget_type=\"text-editor.default\">\n\t\t\t\t<div class=\"elementor-widget-container\">\n\t\t\t\t\t\t\t\t\t<p>At <strong>Fotso Brothers<\/strong>, with our expertise and modern equipment, we can carry out all types of earthworks, from preparing land for construction to shaping the terrain for specific developments. With our qualified team and high-performance machinery, we guarantee you quality work, carried out in compliance with current standards.<\/p>\t\t\t\t\t\t\t\t<\/div>\n\t\t\t\t<\/div>\n\t\t\t\t\t<\/div>\n\t\t<\/div>\n\t\t\t\t\t<\/div>\n\t\t<\/section>\n\t\t\t\t<section class=\"elementor-section elementor-top-section elementor-element elementor-element-bfa4c8e elementor-reverse-tablet elementor-reverse-mobile elementor-section-boxed elementor-section-height-default elementor-section-height-default\" data-id=\"bfa4c8e\" data-element_type=\"section\" data-settings=\"{&quot;background_background&quot;:&quot;classic&quot;}\">\n\t\t\t\t\t\t<div class=\"elementor-container elementor-column-gap-default\">\n\t\t\t\t\t<div class=\"elementor-column elementor-col-50 elementor-top-column elementor-element elementor-element-e9eebdf\" data-id=\"e9eebdf\" data-element_type=\"column\">\n\t\t\t<div class=\"elementor-widget-wrap elementor-element-populated\">\n\t\t\t\t\t\t<section class=\"elementor-section elementor-inner-section elementor-element elementor-element-50beb40 elementor-section-boxed elementor-section-height-default elementor-section-height-default\" data-id=\"50beb40\" data-element_type=\"section\" data-settings=\"{&quot;background_background&quot;:&quot;classic&quot;}\">\n\t\t\t\t\t\t<div class=\"elementor-container elementor-column-gap-default\">\n\t\t\t\t\t<div class=\"elementor-column elementor-col-100 elementor-inner-column elementor-element elementor-element-a614a03\" data-id=\"a614a03\" data-element_type=\"column\" data-settings=\"{&quot;background_background&quot;:&quot;classic&quot;}\">\n\t\t\t<div class=\"elementor-widget-wrap elementor-element-populated\">\n\t\t\t\t\t\t<div class=\"elementor-element elementor-element-11f577c elementor-widget elementor-widget-image\" data-id=\"11f577c\" data-element_type=\"widget\" data-widget_type=\"image.default\">\n\t\t\t\t<div class=\"elementor-widget-container\">\n\t\t\t\t\t\t\t\t\t\t\t\t\t\t\t<img fetchpriority=\"high\" decoding=\"async\" width=\"2048\" height=\"1302\" src=\"https:\/\/fotso-brothers.com\/wp-content\/uploads\/2024\/11\/dl.beatsnoop.com-final-UbuN1T2dV6.jpg\" class=\"attachment-full size-full wp-image-2571\" alt=\"\" srcset=\"https:\/\/fotso-brothers.com\/wp-content\/uploads\/2024\/11\/dl.beatsnoop.com-final-UbuN1T2dV6.jpg 2048w, https:\/\/fotso-brothers.com\/wp-content\/uploads\/2024\/11\/dl.beatsnoop.com-final-UbuN1T2dV6-300x191.jpg 300w, https:\/\/fotso-brothers.com\/wp-content\/uploads\/2024\/11\/dl.beatsnoop.com-final-UbuN1T2dV6-1024x651.jpg 1024w, https:\/\/fotso-brothers.com\/wp-content\/uploads\/2024\/11\/dl.beatsnoop.com-final-UbuN1T2dV6-768x488.jpg 768w, https:\/\/fotso-brothers.com\/wp-content\/uploads\/2024\/11\/dl.beatsnoop.com-final-UbuN1T2dV6-1536x977.jpg 1536w, https:\/\/fotso-brothers.com\/wp-content\/uploads\/2024\/11\/dl.beatsnoop.com-final-UbuN1T2dV6-18x12.jpg 18w\" sizes=\"(max-width: 2048px) 100vw, 2048px\" \/>\t\t\t\t\t\t\t\t\t\t\t\t\t\t\t<\/div>\n\t\t\t\t<\/div>\n\t\t\t\t<div class=\"elementor-element elementor-element-a593ce2 elementor-widget elementor-widget-heading\" data-id=\"a593ce2\" data-element_type=\"widget\" data-widget_type=\"heading.default\">\n\t\t\t\t<div class=\"elementor-widget-container\">\n\t\t\t\t\t<h2 class=\"elementor-heading-title elementor-size-default\">Heavy equipment hire<\/h2>\t\t\t\t<\/div>\n\t\t\t\t<\/div>\n\t\t\t\t<div class=\"elementor-element elementor-element-e02f61c elementor-view-default elementor-widget elementor-widget-icon\" data-id=\"e02f61c\" data-element_type=\"widget\" data-widget_type=\"icon.default\">\n\t\t\t\t<div class=\"elementor-widget-container\">\n\t\t\t\t\t\t\t<div class=\"elementor-icon-wrapper\">\n\t\t\t<a class=\"elementor-icon elementor-animation-shrink\" href=\"https:\/\/fotso-brothers.com\/english\/location-dengins-lourds-2\/\">\n\t\t\t<svg xmlns=\"http:\/\/www.w3.org\/2000\/svg\" width=\"32.93\" height=\"32.93\" viewbox=\"0 0 32.93 32.93\" id=\"arrow\"><path d=\"M6.394 6.394c-5.858 5.858-5.858 15.356 0 21.214 5.858 5.858 15.356 5.858 21.214 0 5.858-5.858 5.858-15.356 0-21.214-5.86-5.858-15.356-5.858-21.214 0zM24 11v8.486a1 1 0 0 1-2 0v-6.072l-11.02 11.02a1 1 0 0 1-1.414-1.414L20.586 12h-6.072a1 1 0 0 1 0-2H23a1 1 0 0 1 1 1z\"><\/path><\/svg>\t\t\t<\/a>\n\t\t<\/div>\n\t\t\t\t\t\t<\/div>\n\t\t\t\t<\/div>\n\t\t\t\t<div class=\"elementor-element elementor-element-034d1cc elementor-widget-divider--view-line elementor-widget elementor-widget-divider\" data-id=\"034d1cc\" data-element_type=\"widget\" data-widget_type=\"divider.default\">\n\t\t\t\t<div class=\"elementor-widget-container\">\n\t\t\t\t\t\t\t<div class=\"elementor-divider\">\n\t\t\t<span class=\"elementor-divider-separator\">\n\t\t\t\t\t\t<\/span>\n\t\t<\/div>\n\t\t\t\t\t\t<\/div>\n\t\t\t\t<\/div>\n\t\t\t\t\t<\/div>\n\t\t<\/div>\n\t\t\t\t\t<\/div>\n\t\t<\/section>\n\t\t\t\t<section class=\"elementor-section elementor-inner-section elementor-element elementor-element-070b2dc elementor-section-boxed elementor-section-height-default elementor-section-height-default\" data-id=\"070b2dc\" data-element_type=\"section\" data-settings=\"{&quot;background_background&quot;:&quot;classic&quot;}\">\n\t\t\t\t\t\t<div class=\"elementor-container elementor-column-gap-default\">\n\t\t\t\t\t<div class=\"elementor-column elementor-col-100 elementor-inner-column elementor-element elementor-element-511358a\" data-id=\"511358a\" data-element_type=\"column\">\n\t\t\t<div class=\"elementor-widget-wrap elementor-element-populated\">\n\t\t\t\t\t\t<div class=\"elementor-element elementor-element-d85d211 elementor-widget elementor-widget-image\" data-id=\"d85d211\" data-element_type=\"widget\" data-widget_type=\"image.default\">\n\t\t\t\t<div class=\"elementor-widget-container\">\n\t\t\t\t\t\t\t\t\t\t\t\t\t\t\t<img decoding=\"async\" width=\"2048\" height=\"1821\" src=\"https:\/\/fotso-brothers.com\/wp-content\/uploads\/2024\/11\/dl.beatsnoop.com-final-i1y4hoX7eH.jpg\" class=\"attachment-full size-full wp-image-2599\" alt=\"\" srcset=\"https:\/\/fotso-brothers.com\/wp-content\/uploads\/2024\/11\/dl.beatsnoop.com-final-i1y4hoX7eH.jpg 2048w, https:\/\/fotso-brothers.com\/wp-content\/uploads\/2024\/11\/dl.beatsnoop.com-final-i1y4hoX7eH-300x267.jpg 300w, https:\/\/fotso-brothers.com\/wp-content\/uploads\/2024\/11\/dl.beatsnoop.com-final-i1y4hoX7eH-1024x911.jpg 1024w, https:\/\/fotso-brothers.com\/wp-content\/uploads\/2024\/11\/dl.beatsnoop.com-final-i1y4hoX7eH-768x683.jpg 768w, https:\/\/fotso-brothers.com\/wp-content\/uploads\/2024\/11\/dl.beatsnoop.com-final-i1y4hoX7eH-1536x1366.jpg 1536w, https:\/\/fotso-brothers.com\/wp-content\/uploads\/2024\/11\/dl.beatsnoop.com-final-i1y4hoX7eH-13x12.jpg 13w\" sizes=\"(max-width: 2048px) 100vw, 2048px\" \/>\t\t\t\t\t\t\t\t\t\t\t\t\t\t\t<\/div>\n\t\t\t\t<\/div>\n\t\t\t\t<div class=\"elementor-element elementor-element-9f12042 elementor-widget elementor-widget-heading\" data-id=\"9f12042\" data-element_type=\"widget\" data-widget_type=\"heading.default\">\n\t\t\t\t<div class=\"elementor-widget-container\">\n\t\t\t\t\t<h2 class=\"elementor-heading-title elementor-size-default\">Land subdivision<\/h2>\t\t\t\t<\/div>\n\t\t\t\t<\/div>\n\t\t\t\t<div class=\"elementor-element elementor-element-6590ac4 elementor-view-default elementor-widget elementor-widget-icon\" data-id=\"6590ac4\" data-element_type=\"widget\" data-widget_type=\"icon.default\">\n\t\t\t\t<div class=\"elementor-widget-container\">\n\t\t\t\t\t\t\t<div class=\"elementor-icon-wrapper\">\n\t\t\t<a class=\"elementor-icon elementor-animation-shrink\" href=\"https:\/\/fotso-brothers.com\/english\/lotissement-des-terrains\/\">\n\t\t\t<svg xmlns=\"http:\/\/www.w3.org\/2000\/svg\" width=\"32.93\" height=\"32.93\" viewbox=\"0 0 32.93 32.93\" id=\"arrow\"><path d=\"M6.394 6.394c-5.858 5.858-5.858 15.356 0 21.214 5.858 5.858 15.356 5.858 21.214 0 5.858-5.858 5.858-15.356 0-21.214-5.86-5.858-15.356-5.858-21.214 0zM24 11v8.486a1 1 0 0 1-2 0v-6.072l-11.02 11.02a1 1 0 0 1-1.414-1.414L20.586 12h-6.072a1 1 0 0 1 0-2H23a1 1 0 0 1 1 1z\"><\/path><\/svg>\t\t\t<\/a>\n\t\t<\/div>\n\t\t\t\t\t\t<\/div>\n\t\t\t\t<\/div>\n\t\t\t\t<div class=\"elementor-element elementor-element-78429f0 elementor-widget-divider--view-line elementor-widget elementor-widget-divider\" data-id=\"78429f0\" data-element_type=\"widget\" data-widget_type=\"divider.default\">\n\t\t\t\t<div class=\"elementor-widget-container\">\n\t\t\t\t\t\t\t<div class=\"elementor-divider\">\n\t\t\t<span class=\"elementor-divider-separator\">\n\t\t\t\t\t\t<\/span>\n\t\t<\/div>\n\t\t\t\t\t\t<\/div>\n\t\t\t\t<\/div>\n\t\t\t\t\t<\/div>\n\t\t<\/div>\n\t\t\t\t\t<\/div>\n\t\t<\/section>\n\t\t\t\t<section class=\"elementor-section elementor-inner-section elementor-element elementor-element-b084e35 elementor-section-boxed elementor-section-height-default elementor-section-height-default\" data-id=\"b084e35\" data-element_type=\"section\" data-settings=\"{&quot;background_background&quot;:&quot;classic&quot;}\">\n\t\t\t\t\t\t<div class=\"elementor-container elementor-column-gap-default\">\n\t\t\t\t\t<div class=\"elementor-column elementor-col-100 elementor-inner-column elementor-element elementor-element-99e554a\" data-id=\"99e554a\" data-element_type=\"column\">\n\t\t\t<div class=\"elementor-widget-wrap elementor-element-populated\">\n\t\t\t\t\t\t<div class=\"elementor-element elementor-element-33f1803 elementor-widget elementor-widget-image\" data-id=\"33f1803\" data-element_type=\"widget\" data-widget_type=\"image.default\">\n\t\t\t\t<div class=\"elementor-widget-container\">\n\t\t\t\t\t\t\t\t\t\t\t\t\t\t\t<img decoding=\"async\" width=\"2048\" height=\"1476\" src=\"https:\/\/fotso-brothers.com\/wp-content\/uploads\/2024\/11\/dl.beatsnoop.com-final-Qy10ojl76v.jpg\" class=\"attachment-full size-full wp-image-2200\" alt=\"\" srcset=\"https:\/\/fotso-brothers.com\/wp-content\/uploads\/2024\/11\/dl.beatsnoop.com-final-Qy10ojl76v.jpg 2048w, https:\/\/fotso-brothers.com\/wp-content\/uploads\/2024\/11\/dl.beatsnoop.com-final-Qy10ojl76v-300x216.jpg 300w, https:\/\/fotso-brothers.com\/wp-content\/uploads\/2024\/11\/dl.beatsnoop.com-final-Qy10ojl76v-1024x738.jpg 1024w, https:\/\/fotso-brothers.com\/wp-content\/uploads\/2024\/11\/dl.beatsnoop.com-final-Qy10ojl76v-768x554.jpg 768w, https:\/\/fotso-brothers.com\/wp-content\/uploads\/2024\/11\/dl.beatsnoop.com-final-Qy10ojl76v-1536x1107.jpg 1536w\" sizes=\"(max-width: 2048px) 100vw, 2048px\" \/>\t\t\t\t\t\t\t\t\t\t\t\t\t\t\t<\/div>\n\t\t\t\t<\/div>\n\t\t\t\t<div class=\"elementor-element elementor-element-ae77fa0 elementor-widget elementor-widget-heading\" data-id=\"ae77fa0\" data-element_type=\"widget\" data-widget_type=\"heading.default\">\n\t\t\t\t<div class=\"elementor-widget-container\">\n\t\t\t\t\t<h2 class=\"elementor-heading-title elementor-size-default\">Building and public works<\/h2>\t\t\t\t<\/div>\n\t\t\t\t<\/div>\n\t\t\t\t<div class=\"elementor-element elementor-element-9aa1e60 elementor-view-default elementor-widget elementor-widget-icon\" data-id=\"9aa1e60\" data-element_type=\"widget\" data-widget_type=\"icon.default\">\n\t\t\t\t<div class=\"elementor-widget-container\">\n\t\t\t\t\t\t\t<div class=\"elementor-icon-wrapper\">\n\t\t\t<a class=\"elementor-icon elementor-animation-shrink\" href=\"https:\/\/fotso-brothers.com\/english\/batiments-et-travaux-publics\/\">\n\t\t\t<svg xmlns=\"http:\/\/www.w3.org\/2000\/svg\" width=\"32.93\" height=\"32.93\" viewbox=\"0 0 32.93 32.93\" id=\"arrow\"><path d=\"M6.394 6.394c-5.858 5.858-5.858 15.356 0 21.214 5.858 5.858 15.356 5.858 21.214 0 5.858-5.858 5.858-15.356 0-21.214-5.86-5.858-15.356-5.858-21.214 0zM24 11v8.486a1 1 0 0 1-2 0v-6.072l-11.02 11.02a1 1 0 0 1-1.414-1.414L20.586 12h-6.072a1 1 0 0 1 0-2H23a1 1 0 0 1 1 1z\"><\/path><\/svg>\t\t\t<\/a>\n\t\t<\/div>\n\t\t\t\t\t\t<\/div>\n\t\t\t\t<\/div>\n\t\t\t\t<div class=\"elementor-element elementor-element-b4fb010 elementor-widget-divider--view-line elementor-widget elementor-widget-divider\" data-id=\"b4fb010\" data-element_type=\"widget\" data-widget_type=\"divider.default\">\n\t\t\t\t<div class=\"elementor-widget-container\">\n\t\t\t\t\t\t\t<div class=\"elementor-divider\">\n\t\t\t<span class=\"elementor-divider-separator\">\n\t\t\t\t\t\t<\/span>\n\t\t<\/div>\n\t\t\t\t\t\t<\/div>\n\t\t\t\t<\/div>\n\t\t\t\t\t<\/div>\n\t\t<\/div>\n\t\t\t\t\t<\/div>\n\t\t<\/section>\n\t\t\t\t\t<\/div>\n\t\t<\/div>\n\t\t\t\t<div class=\"elementor-column elementor-col-50 elementor-top-column elementor-element elementor-element-3b30062\" data-id=\"3b30062\" data-element_type=\"column\">\n\t\t\t<div class=\"elementor-widget-wrap elementor-element-populated\">\n\t\t\t\t\t\t<section class=\"elementor-section elementor-inner-section elementor-element elementor-element-0618c11 elementor-section-height-min-height elementor-section-boxed elementor-section-height-default\" data-id=\"0618c11\" data-element_type=\"section\" data-settings=\"{&quot;background_background&quot;:&quot;classic&quot;}\">\n\t\t\t\t\t\t<div class=\"elementor-container elementor-column-gap-default\">\n\t\t\t\t\t<div class=\"elementor-column elementor-col-100 elementor-inner-column elementor-element elementor-element-923e9d5\" data-id=\"923e9d5\" data-element_type=\"column\">\n\t\t\t<div class=\"elementor-widget-wrap\">\n\t\t\t\t\t\t\t<\/div>\n\t\t<\/div>\n\t\t\t\t\t<\/div>\n\t\t<\/section>\n\t\t\t\t<div class=\"elementor-element elementor-element-ad595e7 elementor-widget elementor-widget-text-editor\" data-id=\"ad595e7\" data-element_type=\"widget\" data-widget_type=\"text-editor.default\">\n\t\t\t\t<div class=\"elementor-widget-container\">\n\t\t\t\t\t\t\t\t\t<p>Earthworks are an essential stage in any construction project. It prepares the ground and ensures the stability of the future structure. If your site is uneven or has constraints, we use our excavators, bulldozers and other machinery to level the ground, dig the foundations and remove unnecessary materials. Our fleet of lorries is also mobilised to transport soil, rock or any other debris to the appropriate disposal sites, leaving you with a clean site ready for the next stages of construction.<\/p><p>Our priority is to provide you with a fast, efficient earthworks service, while taking account of your specific requirements and environmental constraints. We have the tools and skills to deal with complex terrain, whether in urban or rural areas. In addition to our technical expertise, we pay close attention to the environmental impact of our work, taking care to limit nuisance and respecting soil conservation rules.<\/p>\t\t\t\t\t\t\t\t<\/div>\n\t\t\t\t<\/div>\n\t\t\t\t<div class=\"elementor-element elementor-element-8ed27f9 elementor-widget elementor-widget-text-editor\" data-id=\"8ed27f9\" data-element_type=\"widget\" data-widget_type=\"text-editor.default\">\n\t\t\t\t<div class=\"elementor-widget-container\">\n\t\t\t\t\t\t\t\t\t<p>When you entrust your earthworks to us, you benefit from the experience and know-how of <strong>Fotso Brothers<\/strong>is committed to providing you with tailor-made solutions adapted to the size and nature of your project. Whether you're looking to build a house, an industrial building or public infrastructure, we're your trusted partner for professional site preparation.<\/p>\t\t\t\t\t\t\t\t<\/div>\n\t\t\t\t<\/div>\n\t\t\t\t<section class=\"elementor-section elementor-inner-section elementor-element elementor-element-721d169 elementor-section-boxed elementor-section-height-default elementor-section-height-default\" data-id=\"721d169\" data-element_type=\"section\">\n\t\t\t\t\t\t<div class=\"elementor-container elementor-column-gap-default\">\n\t\t\t\t\t<div class=\"elementor-column elementor-col-50 elementor-inner-column elementor-element elementor-element-dd6ed20\" data-id=\"dd6ed20\" data-element_type=\"column\">\n\t\t\t<div class=\"elementor-widget-wrap elementor-element-populated\">\n\t\t\t\t\t\t<div class=\"elementor-element elementor-element-bf4d722 elementor-widget elementor-widget-heading\" data-id=\"bf4d722\" data-element_type=\"widget\" data-widget_type=\"heading.default\">\n\t\t\t\t<div class=\"elementor-widget-container\">\n\t\t\t\t\t<h2 class=\"elementor-heading-title elementor-size-default\">Contact us<\/h2>\t\t\t\t<\/div>\n\t\t\t\t<\/div>\n\t\t\t\t<div class=\"elementor-element elementor-element-99db4b3 elementor-widget elementor-widget-text-editor\" data-id=\"99db4b3\" data-element_type=\"widget\" data-widget_type=\"text-editor.default\">\n\t\t\t\t<div class=\"elementor-widget-container\">\n\t\t\t\t\t\t\t\t\t<p>At <strong>Fotso Brothers<\/strong>, we are committed to delivering solutions that are tailored to your needs, on time and on budget.<\/p>\t\t\t\t\t\t\t\t<\/div>\n\t\t\t\t<\/div>\n\t\t\t\t<div class=\"elementor-element elementor-element-ba006db elementor-widget elementor-widget-text-editor\" data-id=\"ba006db\" data-element_type=\"widget\" data-widget_type=\"text-editor.default\">\n\t\t\t\t<div class=\"elementor-widget-container\">\n\t\t\t\t\t\t\t\t\t<p>Contact us today to discuss your project and get a free quote. <strong>Fotso Brothers<\/strong> is at your service to transform your land into buildable space, while ensuring rigorous monitoring and respect for deadlines.<\/p>\t\t\t\t\t\t\t\t<\/div>\n\t\t\t\t<\/div>\n\t\t\t\t<div class=\"elementor-element elementor-element-0d593e6 elementor-widget elementor-widget-button\" data-id=\"0d593e6\" data-element_type=\"widget\" data-widget_type=\"button.default\">\n\t\t\t\t<div class=\"elementor-widget-container\">\n\t\t\t\t\t\t\t\t\t<div class=\"elementor-button-wrapper\">\n\t\t\t\t\t<a class=\"elementor-button elementor-button-link elementor-size-sm\" href=\"https:\/\/fotso-brothers.com\/english\/contact\/\">\n\t\t\t\t\t\t<span class=\"elementor-button-content-wrapper\">\n\t\t\t\t\t\t\t\t\t<span class=\"elementor-button-text\">Request a quote<\/span>\n\t\t\t\t\t<\/span>\n\t\t\t\t\t<\/a>\n\t\t\t\t<\/div>\n\t\t\t\t\t\t\t\t<\/div>\n\t\t\t\t<\/div>\n\t\t\t\t\t<\/div>\n\t\t<\/div>\n\t\t\t\t<div class=\"elementor-column elementor-col-50 elementor-inner-column elementor-element elementor-element-2478240\" data-id=\"2478240\" data-element_type=\"column\">\n\t\t\t<div class=\"elementor-widget-wrap elementor-element-populated\">\n\t\t\t\t\t\t<div class=\"elementor-element elementor-element-61c3cbb elementor-widget elementor-widget-image\" data-id=\"61c3cbb\" data-element_type=\"widget\" data-widget_type=\"image.default\">\n\t\t\t\t<div class=\"elementor-widget-container\">\n\t\t\t\t\t\t\t\t\t\t\t\t\t\t\t<img loading=\"lazy\" decoding=\"async\" width=\"2048\" height=\"1306\" src=\"https:\/\/fotso-brothers.com\/wp-content\/uploads\/2024\/11\/dl.beatsnoop.com-final-jKgYvXJsmN.jpg\" class=\"attachment-full size-full wp-image-2582\" alt=\"\" srcset=\"https:\/\/fotso-brothers.com\/wp-content\/uploads\/2024\/11\/dl.beatsnoop.com-final-jKgYvXJsmN.jpg 2048w, https:\/\/fotso-brothers.com\/wp-content\/uploads\/2024\/11\/dl.beatsnoop.com-final-jKgYvXJsmN-300x191.jpg 300w, https:\/\/fotso-brothers.com\/wp-content\/uploads\/2024\/11\/dl.beatsnoop.com-final-jKgYvXJsmN-1024x653.jpg 1024w, https:\/\/fotso-brothers.com\/wp-content\/uploads\/2024\/11\/dl.beatsnoop.com-final-jKgYvXJsmN-768x490.jpg 768w, https:\/\/fotso-brothers.com\/wp-content\/uploads\/2024\/11\/dl.beatsnoop.com-final-jKgYvXJsmN-1536x980.jpg 1536w, https:\/\/fotso-brothers.com\/wp-content\/uploads\/2024\/11\/dl.beatsnoop.com-final-jKgYvXJsmN-18x12.jpg 18w\" sizes=\"(max-width: 2048px) 100vw, 2048px\" \/>\t\t\t\t\t\t\t\t\t\t\t\t\t\t\t<\/div>\n\t\t\t\t<\/div>\n\t\t\t\t\t<\/div>\n\t\t<\/div>\n\t\t\t\t\t<\/div>\n\t\t<\/section>\n\t\t\t\t\t<\/div>\n\t\t<\/div>\n\t\t\t\t\t<\/div>\n\t\t<\/section>\n\t\t\t\t<\/div>","protected":false},"excerpt":{"rendered":"<p>Travaux de terrassement Chez Fotso Brothers, nous mettons \u00e0 votre disposition notre expertise et nos \u00e9quipements modernes pour r\u00e9aliser tous [&hellip;]<\/p>","protected":false},"author":3,"featured_media":0,"parent":0,"menu_order":0,"comment_status":"closed","ping_status":"closed","template":"","meta":{"site-sidebar-layout":"no-sidebar","site-content-layout":"","ast-site-content-layout":"full-width-container","site-content-style":"default","site-sidebar-style":"default","ast-global-header-display":"disabled","ast-banner-title-visibility":"disabled","ast-main-header-display":"","ast-hfb-above-header-display":"","ast-hfb-below-header-display":"","ast-hfb-mobile-header-display":"","site-post-title":"disabled","ast-breadcrumbs-content":"","ast-featured-img":"disabled","footer-sml-layout":"disabled","theme-transparent-header-meta":"","adv-header-id-meta":"","stick-header-meta":"","header-above-stick-meta":"","header-main-stick-meta":"","header-below-stick-meta":"","astra-migrate-meta-layouts":"default","ast-page-background-enabled":"default","ast-page-background-meta":{"desktop":{"background-color":"var(--ast-global-color-4)","background-image":"","background-repeat":"repeat","background-position":"center center","background-size":"auto","background-attachment":"scroll","background-type":"","background-media":"","overlay-type":"","overlay-color":"","overlay-opacity":"","overlay-gradient":""},"tablet":{"background-color":"","background-image":"","background-repeat":"repeat","background-position":"center center","background-size":"auto","background-attachment":"scroll","background-type":"","background-media":"","overlay-type":"","overlay-color":"","overlay-opacity":"","overlay-gradient":""},"mobile":{"background-color":"","background-image":"","background-repeat":"repeat","background-position":"center center","background-size":"auto","background-attachment":"scroll","background-type":"","background-media":"","overlay-type":"","overlay-color":"","overlay-opacity":"","overlay-gradient":""}},"ast-content-background-meta":{"desktop":{"background-color":"var(--ast-global-color-5)","background-image":"","background-repeat":"repeat","background-position":"center center","background-size":"auto","background-attachment":"scroll","background-type":"","background-media":"","overlay-type":"","overlay-color":"","overlay-opacity":"","overlay-gradient":""},"tablet":{"background-color":"var(--ast-global-color-5)","background-image":"","background-repeat":"repeat","background-position":"center center","background-size":"auto","background-attachment":"scroll","background-type":"","background-media":"","overlay-type":"","overlay-color":"","overlay-opacity":"","overlay-gradient":""},"mobile":{"background-color":"var(--ast-global-color-5)","background-image":"","background-repeat":"repeat","background-position":"center center","background-size":"auto","background-attachment":"scroll","background-type":"","background-media":"","overlay-type":"","overlay-color":"","overlay-opacity":"","overlay-gradient":""}},"footnotes":""},"class_list":["post-487","page","type-page","status-publish","hentry"],"_links":{"self":[{"href":"https:\/\/fotso-brothers.com\/english\/wp-json\/wp\/v2\/pages\/487"}],"collection":[{"href":"https:\/\/fotso-brothers.com\/english\/wp-json\/wp\/v2\/pages"}],"about":[{"href":"https:\/\/fotso-brothers.com\/english\/wp-json\/wp\/v2\/types\/page"}],"author":[{"embeddable":true,"href":"https:\/\/fotso-brothers.com\/english\/wp-json\/wp\/v2\/users\/3"}],"replies":[{"embeddable":true,"href":"https:\/\/fotso-brothers.com\/english\/wp-json\/wp\/v2\/comments?post=487"}],"version-history":[{"count":66,"href":"https:\/\/fotso-brothers.com\/english\/wp-json\/wp\/v2\/pages\/487\/revisions"}],"predecessor-version":[{"id":2618,"href":"https:\/\/fotso-brothers.com\/english\/wp-json\/wp\/v2\/pages\/487\/revisions\/2618"}],"wp:attachment":[{"href":"https:\/\/fotso-brothers.com\/english\/wp-json\/wp\/v2\/media?parent=487"}],"curies":[{"name":"wp","href":"https:\/\/api.w.org\/{rel}","templated":true}]}}